{"id":2244,"date":"2018-10-27T12:53:07","date_gmt":"2018-10-27T10:53:07","guid":{"rendered":"https:\/\/grossmann-minerals.com\/datenschutzbestimmungen\/"},"modified":"2024-12-05T16:58:53","modified_gmt":"2024-12-05T15:58:53","slug":"datenschutz","status":"publish","type":"page","link":"https:\/\/grossmann-minerals.com\/de\/datenschutz\/","title":{"rendered":"Datenschutzbestimmungen"},"content":{"rendered":"\n<h2 class=\"wp-block-heading\" id=\"Privacy-Policy\">Datenschutzbestimmungen<\/h2>\n\n<p>Personenbezogene Daten (im Folgenden meist nur als &#8222;Daten&#8220; bezeichnet) werden von uns nur im erforderlichen Umfang und zum Zweck der Bereitstellung einer funktionalen und benutzerfreundlichen Website, einschlie\u00dflich ihrer Inhalte, und der dort angebotenen Dienste verarbeitet.<\/p>\n\n<p>Gem\u00e4\u00df Art. 4 Nr. 1 der Verordnung (EU) 2016\/679, d.h. der Allgemeinen Datenschutzverordnung (im Folgenden als &#8222;DSGVO&#8220; bezeichnet), bezeichnet &#8222;Verarbeitung&#8220; jeden Vorgang oder jede Vorgangsreihe wie das Erheben, das Erfassen, die Organisation, die Strukturierung, die Speicherung, die Anpassung, die Ver\u00e4nderung, das Auslesen, das Abfragen, die Verwendung, die Offenlegung durch \u00dcbermittlung, Verbreitung oder eine andere Form der Bereitstellung, den Abgleich oder die Verkn\u00fcpfung, die Einschr\u00e4nkung, das L\u00f6schen oder die Vernichtung personenbezogener Daten, unabh\u00e4ngig davon, ob diese Vorg\u00e4nge automatisiert oder nicht automatisiert erfolgen.<\/p>\n\n<p>Die nachfolgende Datenschutzerkl\u00e4rung soll Sie insbesondere \u00fcber die Art, den Umfang, den Zweck, die Dauer und die Rechtsgrundlage der Verarbeitung dieser Daten in eigener Verantwortung oder in Zusammenarbeit mit Dritten informieren. Wir informieren Sie im Folgenden auch \u00fcber die Komponenten Dritter, die wir zur Optimierung unserer Website und zur Verbesserung der Benutzerfreundlichkeit einsetzen, was dazu f\u00fchren kann, dass diese Dritten ebenfalls Daten verarbeiten, die sie sammeln und kontrollieren. <\/p>\n\n<p>Unsere Datenschutzrichtlinie ist wie folgt aufgebaut:<\/p>\n\n<p>I. Informationen \u00fcber uns als Verantwortliche f\u00fcr Ihre Daten<br\/>II. Die Rechte der Nutzer und betroffenen Personen<br\/>III. Informationen \u00fcber die Datenverarbeitung  <\/p>\n\n<h3 class=\"wp-block-heading\">I. Informationen \u00fcber uns als Verantwortliche f\u00fcr Ihre Daten<\/h3>\n\n<p>Die f\u00fcr diese Website verantwortliche Partei (der &#8222;Verantwortliche&#8220;) im Sinne des Datenschutzgesetzes ist:<\/p>\n\n<p>Herr Marcus Grossmann<br\/>Holzkirchner Str. 20a<br\/>D-83626 Valley<br\/>Deutschland <\/p>\n\n<p>Telefon +49 (0) 8024 91228<br\/>Fax +49 (0) 8024 991274<br\/>E-Mail <a href=\"mailto:info@grossmann-minerals.com\">info@grossmann-minerals.com<\/a><\/p>\n\n<h3 class=\"wp-block-heading\">II. Die Rechte der Nutzer und betroffenen Personen <\/h3>\n\n<p>In Bezug auf die nachfolgend n\u00e4her beschriebene Datenverarbeitung haben die Nutzer und betroffenen Personen das Recht<\/p>\n\n<ul class=\"wp-block-list\">\n<li>eine Best\u00e4tigung, ob sie betreffende Daten verarbeitet werden, Informationen \u00fcber die verarbeiteten Daten, weitere Informationen \u00fcber die Art der Datenverarbeitung und Kopien der Daten (vgl. auch Art. 15 GDPR);<\/li>\n\n\n\n<li>unrichtige oder unvollst\u00e4ndige Daten zu berichtigen oder zu erg\u00e4nzen (vgl. auch Art. 16 GDPR);<\/li>\n\n\n\n<li>auf die unverz\u00fcgliche L\u00f6schung der sie betreffenden Daten (vgl. auch Art. 17 DSGVO), oder alternativ, wenn eine weitere Verarbeitung nach Art. 17 Abs. 3 DSGVO, die Einschr\u00e4nkung der Verarbeitung gem\u00e4\u00df Art. 18 GDPR; <\/li>\n\n\n\n<li>Kopien der sie betreffenden und\/oder von ihnen zur Verf\u00fcgung gestellten Daten zu erhalten und diese an andere Anbieter\/Verantwortliche \u00fcbermitteln zu lassen (vgl. auch Art. 20 GDPR);<\/li>\n\n\n\n<li>Beschwerden bei der Aufsichtsbeh\u00f6rde einzureichen, wenn sie der Meinung sind, dass die Verarbeitung der sie betreffenden Daten durch den f\u00fcr die Verarbeitung Verantwortlichen gegen die Datenschutzbestimmungen verst\u00f6\u00dft (siehe auch Art. 77 GDPR).<\/li>\n<\/ul>\n\n<p>Dar\u00fcber hinaus ist der f\u00fcr die Verarbeitung Verantwortliche verpflichtet, alle Empf\u00e4nger, an die er Daten weitergibt, \u00fcber solche Berichtigungen, L\u00f6schungen oder Einschr\u00e4nkungen der Verarbeitung derselben gem\u00e4\u00df Art. 16, 17 Abs. 1, 18 GDPR. Diese Verpflichtung gilt jedoch nicht, wenn eine solche Benachrichtigung unm\u00f6glich ist oder einen unverh\u00e4ltnism\u00e4\u00dfigen Aufwand bedeutet. Nichtsdestotrotz haben die Nutzer ein Recht auf Information \u00fcber diese Empf\u00e4nger.   <\/p>\n\n<p><strong>Ebenso haben Nutzer und betroffene Personen gem\u00e4\u00df Art. 21 GDPR haben Nutzer und betroffene Personen das Recht, der k\u00fcnftigen Verarbeitung ihrer Daten durch den Verantwortlichen gem\u00e4\u00df Art. 6 Abs. 1 lit. f) GDPR. Insbesondere ist ein Widerspruch gegen die Datenverarbeitung zum Zwecke der Direktwerbung zul\u00e4ssig.   <\/strong><\/p>\n\n<h3 class=\"wp-block-heading\">III. Informationen \u00fcber die Datenverarbeitung <\/h3>\n\n<p>Ihre bei der Nutzung unserer Website verarbeiteten Daten werden gel\u00f6scht oder gesperrt, sobald der Zweck der Speicherung entf\u00e4llt, sofern die L\u00f6schung nicht gegen gesetzliche Aufbewahrungspflichten verst\u00f6\u00dft oder nachfolgend etwas anderes bestimmt ist.<\/p>\n\n<h4 class=\"wp-block-heading\">Kontakt<\/h4>\n\n<p>Wenn Sie sich per E-Mail oder \u00fcber das Kontaktformular an uns wenden, werden die von Ihnen angegebenen Daten zum Zweck der Bearbeitung Ihrer Anfrage verwendet. Wir ben\u00f6tigen diese Daten, um Ihre Anfrage bearbeiten und beantworten zu k\u00f6nnen. Andernfalls k\u00f6nnen wir Ihre Anfrage nicht oder nur unvollst\u00e4ndig beantworten. <\/p>\n\n<p>Die Rechtsgrundlage f\u00fcr diese Datenverarbeitung ist Art. 6 Abs. 1 lit. b) GDPR.  <\/p>\n\n<p>Ihre Daten werden gel\u00f6scht, sobald wir Ihre Anfrage vollst\u00e4ndig beantwortet haben und keine weitere gesetzliche Verpflichtung zur Speicherung Ihrer Daten besteht, z.B. wenn sich daraus eine Bestellung oder ein Vertrag ergibt.<\/p>\n\n<h4 class=\"wp-block-heading\">Server-Daten<\/h4>\n\n<p>Aus technischen Gr\u00fcnden, insbesondere zur Gew\u00e4hrleistung einer sicheren und stabilen Website, werden die folgenden Daten, die Ihr Internetbrowser an uns oder unseren Serveranbieter sendet, erfasst: Diese Server-Protokolldateien erfassen den Typ und die Version Ihres Browsers, das Betriebssystem, die Website, von der Sie gekommen sind (Referrer-URL), die besuchten Webseiten auf unserer Website, das Datum und die Uhrzeit Ihres Besuchs sowie die IP-Adresse, von der aus Sie unsere Website besucht haben.<\/p>\n\n<p>Die so erfassten Daten werden vor\u00fcbergehend gespeichert, jedoch nicht in Verbindung mit anderen Ihrer Daten.<\/p>\n\n<p>Die Grundlage f\u00fcr diese Speicherung ist Art. 6 Abs. 1 lit. f) GDPR. Unser berechtigtes Interesse liegt in der Verbesserung, Stabilit\u00e4t, Funktionalit\u00e4t und Sicherheit unserer Website.   <\/p>\n\n<p>Die Daten werden innerhalb von h\u00f6chstens sieben Tagen gel\u00f6scht, es sei denn, eine weitere Speicherung ist zu Beweiszwecken erforderlich. In diesem Fall werden alle oder ein Teil der Daten von der L\u00f6schung ausgenommen, bis die Untersuchung des betreffenden Vorfalls endg\u00fcltig abgeschlossen ist. <\/p>\n\n<h4 class=\"wp-block-heading\">Auftragsbearbeitung<\/h4>\n\n<p>Die Daten, die Sie bei der Bestellung von Waren und\/oder Dienstleistungen bei uns angeben, m\u00fcssen verarbeitet werden, um Ihre Bestellung ausf\u00fchren zu k\u00f6nnen. Bitte beachten Sie, dass Bestellungen ohne die Angabe dieser Daten nicht bearbeitet werden k\u00f6nnen. <\/p>\n\n<p>Die Rechtsgrundlage f\u00fcr diese Verarbeitung ist Art. 6 Abs. 1 lit. b) GDPR.  <\/p>\n\n<p>Nach Abschluss Ihrer Bestellung werden Ihre personenbezogenen Daten gel\u00f6scht, allerdings erst nach den steuer- und handelsrechtlichen Aufbewahrungsfristen.<\/p>\n\n<p>Um Ihre Bestellung abwickeln zu k\u00f6nnen, geben wir Ihre Daten an das mit der Lieferung beauftragte Versandunternehmen weiter, soweit dies zur Lieferung Ihrer Bestellung erforderlich ist und\/oder an den Zahlungsdienstleister, soweit dies zur Abwicklung Ihrer Zahlung erforderlich ist.<\/p>\n\n<p>Die Rechtsgrundlage f\u00fcr die \u00dcbermittlung dieser Daten ist Art. 6 Abs. 1 lit. b) GDPR.  <\/p>\n\n<p><a href=\"https:\/\/www.ratgeberrecht.eu\/leistungen\/muster-datenschutzerklaerung.html\" target=\"_blank\" rel=\"noopener\">Muster-Datenschutzerkl\u00e4rung<\/a> f\u00fcr die <a href=\"https:\/\/www.ratgeberrecht.eu\/\" target=\"_blank\" rel=\"noopener\">Anwaltskanzlei Wei\u00df &amp; Partner<\/a><\/p>\n","protected":false},"excerpt":{"rendered":"<p>Datenschutzbestimmungen Personenbezogene Daten (im Folgenden meist nur als &#8222;Daten&#8220; bezeichnet) werden von uns nur im erforderlichen Umfang und zum Zweck der Bereitstellung einer funktionalen und benutzerfreundlichen Website, einschlie\u00dflich ihrer Inhalte, und der dort angebotenen Dienste verarbeitet. Gem\u00e4\u00df Art. 4 Nr. 1 der Verordnung (EU) 2016\/679, d.h. der Allgemeinen Datenschutzverordnung (im Folgenden als &#8222;DSGVO&#8220; bezeichnet), bezeichnet&hellip;<\/p>\n","protected":false},"author":1,"featured_media":0,"parent":0,"menu_order":0,"comment_status":"closed","ping_status":"closed","template":"page-templates\/nosidebar-notitle-page.php","meta":{"footnotes":""},"class_list":["post-2244","page","type-page","status-publish","hentry","comments-closed","no-comments"],"_links":{"self":[{"href":"https:\/\/grossmann-minerals.com\/de\/wp-json\/wp\/v2\/pages\/2244","targetHints":{"allow":["GET"]}}],"collection":[{"href":"https:\/\/grossmann-minerals.com\/de\/wp-json\/wp\/v2\/pages"}],"about":[{"href":"https:\/\/grossmann-minerals.com\/de\/wp-json\/wp\/v2\/types\/page"}],"author":[{"embeddable":true,"href":"https:\/\/grossmann-minerals.com\/de\/wp-json\/wp\/v2\/users\/1"}],"replies":[{"embeddable":true,"href":"https:\/\/grossmann-minerals.com\/de\/wp-json\/wp\/v2\/comments?post=2244"}],"version-history":[{"count":5,"href":"https:\/\/grossmann-minerals.com\/de\/wp-json\/wp\/v2\/pages\/2244\/revisions"}],"predecessor-version":[{"id":2414,"href":"https:\/\/grossmann-minerals.com\/de\/wp-json\/wp\/v2\/pages\/2244\/revisions\/2414"}],"wp:attachment":[{"href":"https:\/\/grossmann-minerals.com\/de\/wp-json\/wp\/v2\/media?parent=2244"}],"curies":[{"name":"wp","href":"https:\/\/api.w.org\/{rel}","templated":true}]}}