{"id":1971,"date":"2024-02-08T18:05:21","date_gmt":"2024-02-08T17:05:21","guid":{"rendered":"https:\/\/grossmann-minerals.com\/infos-bestellen\/"},"modified":"2024-12-10T14:20:41","modified_gmt":"2024-12-10T13:20:41","slug":"infos-bestellen","status":"publish","type":"page","link":"https:\/\/grossmann-minerals.com\/de\/infos-bestellen\/","title":{"rendered":"Infos bestellen"},"content":{"rendered":"\n<p><strong>Wie Sie ein Exemplar bestellen:<\/strong><\/p>\n\n<p><strong>Zuallererst:<\/strong><\/p>\n\n<p><strong>Alle Preise sind inklusive Mehrwertsteuer, aber ohne Versandkosten.<\/strong><\/p>\n\n<p>Wenn Sie eine Bestellung aufgeben m\u00f6chten, senden Sie einfach eine E-Mail an: <br\/><a href=\"mailto:info@grossmann-minerals.com\">info@grossmann-minerals.com<\/a><br\/>Diese E-Mail sollte folgende Informationen enthalten:<\/p>\n\n<ol class=\"wp-block-list\">\n<li>Kurze Beschreibung des Exemplars, an dem Sie interessiert sind.<\/li>\n\n\n\n<li>den Preis des Exemplars<\/li>\n\n\n\n<li>Ihre Versandanschrift<\/li>\n\n\n\n<li>Andere Fragen, die Sie haben<\/li>\n<\/ol>\n\n<p>Nachdem wir Ihre Post erhalten haben, teilen wir Ihnen mit, wie viel wir Ihnen f\u00fcr den Versand des Exemplars an Ihre Privat- oder Gesch\u00e4ftsadresse berechnen werden.<\/p>\n\n<p>Die tats\u00e4chlichen Preise f\u00fcr den Versand eines Exemplars, das auf unserer Website abgebildet ist, betragen:<\/p>\n\n<p>Innerhalb <strong>Deutschlands<\/strong>: 5 bis 10 Euro<\/p>\n\n<p>Innerhalb der <strong>Europ\u00e4ischen Union<\/strong> (inkl. Schweiz, aber ohne Gro\u00dfbritannien): 15 bis 20 Euro<\/p>\n\n<p>Versand in die <strong>USA <\/strong>und das <strong>Vereinigte K\u00f6nigreich<\/strong>: 20 bis 35 Euro<\/p>\n\n<p>Versand nach <strong>Japan, S\u00fcdkorea und in den Rest der Welt<\/strong>: 30 bis 45 Euro<\/p>\n\n<p><strong>Bezahlung:<\/strong><br\/>Wir akzeptieren Paypal oder eine \u00dcberweisung auf unser Bankkonto. Lassen Sie uns einfach wissen, was f\u00fcr Sie bequemer ist.<\/p>\n\n<h2 class=\"wp-block-heading\">Zufriedenheitsgarantie\/<br\/>R\u00fcckgabe von Proben<\/h2>\n\n<p>Wenn Sie mit dem Exemplar, das Sie auf meiner Website gekauft haben, nicht zufrieden sind, lassen Sie es mich so schnell wie m\u00f6glich wissen, sp\u00e4testens jedoch innerhalb von 12 Tagen nach Erhalt der Ware. F\u00fcr die 12 Tage ist der Tag entscheidend, an dem die Sendung zugestellt wurde. Schicken Sie mir eine Mail an: <a href=\"mailto:info@grossmann-minerals.com\">info@grossmann-minerals.com<\/a> und teilen Sie mir mit, dass Sie das Mineral an meine physikalische Adresse zur\u00fcckschicken werden:<\/p>\n\n<p><strong>Marcus Grossmann<\/strong> <strong>Mineralien<\/strong><br\/><strong>Holzkirchner-Str. 20a<\/strong> <br\/><strong>83626 Valley<\/strong> <br\/><strong>Deutschland<\/strong><\/p>\n\n<p>Bitte behandeln Sie das Exemplar mit Vorsicht. Verpacken Sie die Sendung sehr sorgf\u00e4ltig &#8211; so wie ich sie verpackt habe &#8211; und verpacken Sie sie entweder in dem Karton, in dem sie verschickt wurde, oder in einem Karton der gleichen Gr\u00f6\u00dfe.<\/p>\n\n<p>Wenn ich das Mineral in demselben Zustand erhalten habe, in dem ich es an Sie geschickt habe, erhalten Sie eine vollst\u00e4ndige R\u00fcckerstattung auf Ihr Konto.<\/p>\n","protected":false},"excerpt":{"rendered":"<p>Wie Sie ein Exemplar bestellen: Zuallererst: Alle Preise sind inklusive Mehrwertsteuer, aber ohne Versandkosten. Wenn Sie eine Bestellung aufgeben m\u00f6chten, senden Sie einfach eine E-Mail an: info@grossmann-minerals.comDiese E-Mail sollte folgende Informationen enthalten: Nachdem wir Ihre Post erhalten haben, teilen wir Ihnen mit, wie viel wir Ihnen f\u00fcr den Versand des Exemplars an Ihre Privat- oder&hellip;<\/p>\n","protected":false},"author":1,"featured_media":0,"parent":0,"menu_order":0,"comment_status":"closed","ping_status":"closed","template":"page-templates\/nosidebar-page.php","meta":{"footnotes":""},"class_list":["post-1971","page","type-page","status-publish","hentry","comments-closed","no-comments"],"_links":{"self":[{"href":"https:\/\/grossmann-minerals.com\/de\/wp-json\/wp\/v2\/pages\/1971","targetHints":{"allow":["GET"]}}],"collection":[{"href":"https:\/\/grossmann-minerals.com\/de\/wp-json\/wp\/v2\/pages"}],"about":[{"href":"https:\/\/grossmann-minerals.com\/de\/wp-json\/wp\/v2\/types\/page"}],"author":[{"embeddable":true,"href":"https:\/\/grossmann-minerals.com\/de\/wp-json\/wp\/v2\/users\/1"}],"replies":[{"embeddable":true,"href":"https:\/\/grossmann-minerals.com\/de\/wp-json\/wp\/v2\/comments?post=1971"}],"version-history":[{"count":12,"href":"https:\/\/grossmann-minerals.com\/de\/wp-json\/wp\/v2\/pages\/1971\/revisions"}],"predecessor-version":[{"id":2436,"href":"https:\/\/grossmann-minerals.com\/de\/wp-json\/wp\/v2\/pages\/1971\/revisions\/2436"}],"wp:attachment":[{"href":"https:\/\/grossmann-minerals.com\/de\/wp-json\/wp\/v2\/media?parent=1971"}],"curies":[{"name":"wp","href":"https:\/\/api.w.org\/{rel}","templated":true}]}}