{"id":1935,"date":"2016-05-02T08:55:03","date_gmt":"2016-05-02T06:55:03","guid":{"rendered":"https:\/\/grossmann-minerals.com\/startseite\/"},"modified":"2025-08-27T11:47:53","modified_gmt":"2025-08-27T09:47:53","slug":"startseite","status":"publish","type":"page","link":"https:\/\/grossmann-minerals.com\/de\/","title":{"rendered":"Startseite"},"content":{"rendered":"\n<h2 class=\"wp-block-heading has-text-align-center\" id=\"About-us\">\u00dcber uns&#8230;<\/h2>\n\n<p class=\"has-text-align-center has-regular-font-size\">Marcus Grossmann Minerals ist ein weltweit t\u00e4tiges Unternehmen, das Mineralien und Kristalle f\u00fcr Museen und private Sammler verkauft. Wir reisen nach Afrika, Pakistan, S\u00fcd- und Nordamerika und durch ganz Europa, um f\u00fcr Sie die besten und interessantesten Mineralien und Kristalle f\u00fcr Ihre Sammlung zu finden.<\/p>\n\n<p>Wenn Sie auf unserer Website nicht finden, was Sie suchen, schicken Sie uns eine E-Mail und teilen Sie uns mit, was Sie suchen. Wir haben einen gro\u00dfen Bestand und nicht jedes Exemplar und jeder Kristall ist auf unserer Website zu finden. Wenn Sie es also nicht auf der Website finden k\u00f6nnen, besteht eine gute Chance, dass es in einer der Schubladen in unserem Lager liegt.<\/p>\n\n<p>Wir stellen auf der M\u00fcnchner Messe und auf der St. Marie Show in Frankreich aus. Wir sind auch auf einigen der kleineren Messen in Deutschland vertreten.<\/p>\n\n<p>Sie k\u00f6nnen uns auch besuchen, wenn Sie in der N\u00e4he von M\u00fcnchen sind. Wir befinden uns nur 45 Minuten s\u00fcdlich des M\u00fcnchner Flughafens. Rufen Sie uns an oder schicken Sie uns eine E-Mail, um einen Termin zu vereinbaren. Wir w\u00fcrden uns freuen, Sie in unserem Gesch\u00e4ft zu treffen.<\/p>\n\n<p><\/p>\n\n<div style=\"height:25px\" aria-hidden=\"true\" class=\"wp-block-spacer\"><\/div>\n\n<div class=\"wp-block-media-text alignwide is-stacked-on-mobile\" style=\"grid-template-columns:38% auto\"><figure class=\"wp-block-media-text__media\"><img loading=\"lazy\" decoding=\"async\" width=\"683\" height=\"1024\" src=\"https:\/\/grossmann-minerals.com\/wp-content\/uploads\/24_4-683x1024.jpg\" alt=\"\" class=\"wp-image-484 size-full\" srcset=\"https:\/\/grossmann-minerals.com\/wp-content\/uploads\/24_4-683x1024.jpg 683w, https:\/\/grossmann-minerals.com\/wp-content\/uploads\/24_4-267x400.jpg 267w, https:\/\/grossmann-minerals.com\/wp-content\/uploads\/24_4-768x1152.jpg 768w, https:\/\/grossmann-minerals.com\/wp-content\/uploads\/24_4-1024x1536.jpg 1024w, https:\/\/grossmann-minerals.com\/wp-content\/uploads\/24_4-1366x2048.jpg 1366w, https:\/\/grossmann-minerals.com\/wp-content\/uploads\/24_4-500x750.jpg 500w, https:\/\/grossmann-minerals.com\/wp-content\/uploads\/24_4-800x1200.jpg 800w, https:\/\/grossmann-minerals.com\/wp-content\/uploads\/24_4-1280x1920.jpg 1280w, https:\/\/grossmann-minerals.com\/wp-content\/uploads\/24_4-1920x2880.jpg 1920w, https:\/\/grossmann-minerals.com\/wp-content\/uploads\/24_4-scaled.jpg 1707w\" sizes=\"auto, (max-width: 683px) 100vw, 683px\" \/><\/figure><div class=\"wp-block-media-text__content\">\n<p class=\"has-large-font-size\">Weltweite Reisen, um Ihnen feine Mineralien zu bringen. Sammeln von Eiskristallen in der gefrorenen Hudsonbay f\u00fcr den n\u00e4chsten &#8222;on the rocks&#8220;-Drink.<\/p>\n\n\n\n<p><\/p>\n\n\n\n<p><\/p>\n\n\n\n<h2 class=\"wp-block-heading has-extralarge-font-size\">Wir kaufen Sammlungen<\/h2>\n\n\n\n<h2 class=\"wp-block-heading has-extralarge-font-size\">Wir kaufen Sammlungen und sch\u00f6ne Einzelst\u00fccke<\/h2>\n<\/div><\/div>\n\n<div style=\"height:100px\" aria-hidden=\"true\" class=\"wp-block-spacer\"><\/div>\n\n<h2 class=\"wp-block-heading\" id=\"Minerals\">Mineralien aus weltweiten Fundorten<\/h2>\n","protected":false},"excerpt":{"rendered":"<p>\u00dcber uns&#8230; Marcus Grossmann Minerals ist ein weltweit t\u00e4tiges Unternehmen, das Mineralien und Kristalle f\u00fcr Museen und private Sammler verkauft. Wir reisen nach Afrika, Pakistan, S\u00fcd- und Nordamerika und durch ganz Europa, um f\u00fcr Sie die besten und interessantesten Mineralien und Kristalle f\u00fcr Ihre Sammlung zu finden. Wenn Sie auf unserer Website nicht finden, was&hellip;<\/p>\n","protected":false},"author":1,"featured_media":0,"parent":0,"menu_order":0,"comment_status":"closed","ping_status":"closed","template":"page-templates\/fullwidth-notitle-page.php","meta":{"footnotes":""},"class_list":["post-1935","page","type-page","status-publish","hentry","comments-closed","no-comments"],"_links":{"self":[{"href":"https:\/\/grossmann-minerals.com\/de\/wp-json\/wp\/v2\/pages\/1935","targetHints":{"allow":["GET"]}}],"collection":[{"href":"https:\/\/grossmann-minerals.com\/de\/wp-json\/wp\/v2\/pages"}],"about":[{"href":"https:\/\/grossmann-minerals.com\/de\/wp-json\/wp\/v2\/types\/page"}],"author":[{"embeddable":true,"href":"https:\/\/grossmann-minerals.com\/de\/wp-json\/wp\/v2\/users\/1"}],"replies":[{"embeddable":true,"href":"https:\/\/grossmann-minerals.com\/de\/wp-json\/wp\/v2\/comments?post=1935"}],"version-history":[{"count":7,"href":"https:\/\/grossmann-minerals.com\/de\/wp-json\/wp\/v2\/pages\/1935\/revisions"}],"predecessor-version":[{"id":3193,"href":"https:\/\/grossmann-minerals.com\/de\/wp-json\/wp\/v2\/pages\/1935\/revisions\/3193"}],"wp:attachment":[{"href":"https:\/\/grossmann-minerals.com\/de\/wp-json\/wp\/v2\/media?parent=1935"}],"curies":[{"name":"wp","href":"https:\/\/api.w.org\/{rel}","templated":true}]}}