{"id":1933,"date":"2016-05-02T09:08:54","date_gmt":"2016-05-02T07:08:54","guid":{"rendered":"https:\/\/grossmann-minerals.com\/rechtlicher-hinweis\/"},"modified":"2025-02-18T15:35:07","modified_gmt":"2025-02-18T14:35:07","slug":"rechtlicher-hinweis","status":"publish","type":"page","link":"https:\/\/grossmann-minerals.com\/de\/rechtlicher-hinweis\/","title":{"rendered":"Rechtlicher Hinweis"},"content":{"rendered":"\n<h2 class=\"wp-block-heading\">Rechtlicher Hinweis<\/h2>\n\n<p>Marcus Grossmann Mineralien<br\/>Holzkirchner Str. 20a<br\/>D-83626 Valley<br\/>Deutschland<\/p>\n\n<p>Telefon +49 (0) 8024 91228<br\/>Fax +49 (0) 8024 991274<br\/>E-Mail <a href=\"mailto:info@grossmann-minerals.com\">info@grossmann-minerals.com<\/a><\/p>\n\n<p>USt-IdNr. DE 226893956<\/p>\n\n<p>Verantwortlich f\u00fcr den Inhalt<br\/>Marcus Grossmann (Anschrift wie oben)<\/p>\n\n<p>Plattform der EU-Kommission zur Online-Streitbeilegung: <a href=\"https:\/\/ec.europa.eu\/odr\" target=\"_blank\" rel=\"noreferrer noopener\">https:\/\/ec.europa.eu\/odr<\/a><\/p>\n\n<p><strong>Rechtliche Informationen<\/strong><\/p>\n\n<p>Alle Rechte vorbehalten. Alle Inhalte, Texte, Bilder, Grafiken, Video- und Audiodateien der Website unterliegen dem Schutz des Urheberrechts und anderer Schutzgesetze. Der Inhalt der Website darf nicht kopiert, f\u00fcr kommerzielle Zwecke verwendet, ver\u00e4ndert und f\u00fcr jedermann zug\u00e4nglich gemacht werden. Dar\u00fcber hinaus unterliegen einige Inhalte dem Copyright.<\/p>\n\n<p><strong>Haftungsausschluss<\/strong><\/p>\n\n<p>Unser Service enth\u00e4lt Links zu den Internetinhalten anderer Anbieter. Wir haben keinen Einfluss auf den Inhalt dieser Seiten. F\u00fcr den Inhalt externer Websites sind ausschlie\u00dflich deren Betreiber verantwortlich. Trotz der \u00dcberpr\u00fcfung der Inhalte im Rahmen der gesetzlichen Bestimmungen k\u00f6nnen wir keine Haftung f\u00fcr den Inhalt dieser Links oder der verlinkten Seiten \u00fcbernehmen.<\/p>\n","protected":false},"excerpt":{"rendered":"<p>Rechtlicher Hinweis Marcus Grossmann MineralienHolzkirchner Str. 20aD-83626 ValleyDeutschland Telefon +49 (0) 8024 91228Fax +49 (0) 8024 991274E-Mail info@grossmann-minerals.com USt-IdNr. DE 226893956 Verantwortlich f\u00fcr den InhaltMarcus Grossmann (Anschrift wie oben) Plattform der EU-Kommission zur Online-Streitbeilegung: https:\/\/ec.europa.eu\/odr Rechtliche Informationen Alle Rechte vorbehalten. Alle Inhalte, Texte, Bilder, Grafiken, Video- und Audiodateien der Website unterliegen dem Schutz des Urheberrechts&hellip;<\/p>\n","protected":false},"author":1,"featured_media":0,"parent":0,"menu_order":0,"comment_status":"closed","ping_status":"closed","template":"page-templates\/nosidebar-notitle-page.php","meta":{"footnotes":""},"class_list":["post-1933","page","type-page","status-publish","hentry","comments-closed","no-comments"],"_links":{"self":[{"href":"https:\/\/grossmann-minerals.com\/de\/wp-json\/wp\/v2\/pages\/1933","targetHints":{"allow":["GET"]}}],"collection":[{"href":"https:\/\/grossmann-minerals.com\/de\/wp-json\/wp\/v2\/pages"}],"about":[{"href":"https:\/\/grossmann-minerals.com\/de\/wp-json\/wp\/v2\/types\/page"}],"author":[{"embeddable":true,"href":"https:\/\/grossmann-minerals.com\/de\/wp-json\/wp\/v2\/users\/1"}],"replies":[{"embeddable":true,"href":"https:\/\/grossmann-minerals.com\/de\/wp-json\/wp\/v2\/comments?post=1933"}],"version-history":[{"count":2,"href":"https:\/\/grossmann-minerals.com\/de\/wp-json\/wp\/v2\/pages\/1933\/revisions"}],"predecessor-version":[{"id":1937,"href":"https:\/\/grossmann-minerals.com\/de\/wp-json\/wp\/v2\/pages\/1933\/revisions\/1937"}],"wp:attachment":[{"href":"https:\/\/grossmann-minerals.com\/de\/wp-json\/wp\/v2\/media?parent=1933"}],"curies":[{"name":"wp","href":"https:\/\/api.w.org\/{rel}","templated":true}]}}